{"id":893,"date":"2025-08-24T05:06:25","date_gmt":"2025-08-24T05:06:25","guid":{"rendered":"https:\/\/villamyserenity.com\/?page_id=893"},"modified":"2025-09-14T10:58:25","modified_gmt":"2025-09-14T10:58:25","slug":"about-dalyan","status":"publish","type":"page","link":"https:\/\/villamyserenity.com\/tr\/about-dalyan\/","title":{"rendered":"Dalyan Hakk\u0131nda"},"content":{"rendered":"<div data-elementor-type=\"wp-page\" data-elementor-id=\"893\" class=\"elementor elementor-893\" data-elementor-settings=\"{&quot;element_pack_global_tooltip_width&quot;:{&quot;unit&quot;:&quot;px&quot;,&quot;size&quot;:&quot;&quot;,&quot;sizes&quot;:[]},&quot;element_pack_global_tooltip_width_tablet&quot;:{&quot;unit&quot;:&quot;px&quot;,&quot;size&quot;:&quot;&quot;,&quot;sizes&quot;:[]},&quot;element_pack_global_tooltip_width_mobile&quot;:{&quot;unit&quot;:&quot;px&quot;,&quot;size&quot;:&quot;&quot;,&quot;sizes&quot;:[]},&quot;element_pack_global_tooltip_padding&quot;:{&quot;unit&quot;:&quot;px&quot;,&quot;top&quot;:&quot;&quot;,&quot;right&quot;:&quot;&quot;,&quot;bottom&quot;:&quot;&quot;,&quot;left&quot;:&quot;&quot;,&quot;isLinked&quot;:true},&quot;element_pack_global_tooltip_padding_tablet&quot;:{&quot;unit&quot;:&quot;px&quot;,&quot;top&quot;:&quot;&quot;,&quot;right&quot;:&quot;&quot;,&quot;bottom&quot;:&quot;&quot;,&quot;left&quot;:&quot;&quot;,&quot;isLinked&quot;:true},&quot;element_pack_global_tooltip_padding_mobile&quot;:{&quot;unit&quot;:&quot;px&quot;,&quot;top&quot;:&quot;&quot;,&quot;right&quot;:&quot;&quot;,&quot;bottom&quot;:&quot;&quot;,&quot;left&quot;:&quot;&quot;,&quot;isLinked&quot;:true},&quot;element_pack_global_tooltip_border_radius&quot;:{&quot;unit&quot;:&quot;px&quot;,&quot;top&quot;:&quot;&quot;,&quot;right&quot;:&quot;&quot;,&quot;bottom&quot;:&quot;&quot;,&quot;left&quot;:&quot;&quot;,&quot;isLinked&quot;:true},&quot;element_pack_global_tooltip_border_radius_tablet&quot;:{&quot;unit&quot;:&quot;px&quot;,&quot;top&quot;:&quot;&quot;,&quot;right&quot;:&quot;&quot;,&quot;bottom&quot;:&quot;&quot;,&quot;left&quot;:&quot;&quot;,&quot;isLinked&quot;:true},&quot;element_pack_global_tooltip_border_radius_mobile&quot;:{&quot;unit&quot;:&quot;px&quot;,&quot;top&quot;:&quot;&quot;,&quot;right&quot;:&quot;&quot;,&quot;bottom&quot;:&quot;&quot;,&quot;left&quot;:&quot;&quot;,&quot;isLinked&quot;:true}}\" data-elementor-post-type=\"page\">\n\t\t\t\t<div class=\"elementor-element elementor-element-5361191 e-flex e-con-boxed e-con e-parent\" data-id=\"5361191\" data-element_type=\"container\">\n\t\t\t\t\t<div class=\"e-con-inner\">\n\t\t\t\t<div class=\"elementor-element elementor-element-b6d8f37 elementor-widget elementor-widget-heading\" data-id=\"b6d8f37\" data-element_type=\"widget\" data-widget_type=\"heading.default\">\n\t\t\t\t\t<h1 class=\"elementor-heading-title elementor-size-default\">DALYAN HAKKINDA<\/h1>\t\t\t\t<\/div>\n\t\t\t\t<div class=\"elementor-element elementor-element-c04f245 elementor-widget elementor-widget-bdt-post-grid\" data-id=\"c04f245\" data-element_type=\"widget\" data-widget_type=\"bdt-post-grid.bdt-alter\">\n\t\t\t\t\t \n\t\t<div id=\"bdt-post-grid-c04f245\" class=\"bdt-post-grid bdt-post-grid-skin-alter\">\n\n\t\t\t\t\t\t<div class=\"bdt-post-grid-item bdt-transition-toggle bdt-position-relative bdt-grid bdt-grid-collapse\" data-bdt-grid=\"\">\n\n\t\t\t\t<div class=\"bdt-position-relative bdt-width-auto@s bdt-pg-alter-image\">\n\t\t\t\t\t<div class=\"bdt-post-grid-img-wrap bdt-overflow-hidden\">\n\t\t\t\t<a href=\"https:\/\/villamyserenity.com\/tr\/turtle-rescue-center\/\" class=\"bdt-transition-scale-up bdt-background-cover bdt-transition-opaque bdt-flex\" title=\"Deniz Kaplumba\u011falar\u0131 Rehabilitasyon merkezi.\" style=\"background-image: url(https:\/\/villamyserenity.com\/wp-content\/uploads\/2025\/08\/omq7o-tr-Dalyan-Hotel-Caretta-Hotel.jpg)\">\n  \t\t\t\t<\/a>\n\t\t\t<\/div>\t\t\t\t\t\t\t\t\t<\/div>\n\n\t\t  \t\t<div class=\"bdt-post-grid-desc bdt-width-expand@s bdt-padding bdt-plane\">\n\t\t\t\t\t<h2 class=\"bdt-post-grid-title\">\n\t\t\t\t<a href=\"https:\/\/villamyserenity.com\/tr\/turtle-rescue-center\/\" class=\"bdt-post-grid-link\" title=\"Deniz Kaplumba\u011falar\u0131 Rehabilitasyon merkezi.\">\n\t\t\t\t\tDeniz Kaplumba\u011falar\u0131 Rehabilitasyon merkezi.\n\t\t\t\t<\/a>\n\t\t\t<\/h2>\n\t\t\t\t\t\t\t<div class=\"bdt-post-grid-excerpt\">\n\t\t\t<p>Deniz Kaplumba\u011falar\u0131 Ara\u015ft\u0131rma, Kurtarma ve Rehabilitasyon Merkezi (DEKAMER): \n\n\u0130ztuzu Plaj\u0131'n\u0131n g\u00fcney ucunda yer alan Deniz Kaplumba\u011falar\u0131 Ara\u015ft\u0131rma, Kurtarma ve Rehabilitasyon Merkezi, Dalyan'da yap\u0131lacak en ilgi \u00e7ekici aktivitelerden biridir.<\/p>\n\t\t<\/div>\n\n\t\t\t\t\t\t\t\t\t<div>\n\t\t\t<a href=\"https:\/\/villamyserenity.com\/tr\/turtle-rescue-center\/\"\n\t\t\t\tclass=\"bdt-post-grid-readmore bdt-display-inline-block\">\n\t\t\t\tDevam\u0131n\u0131 oku\t\n\t\t\t\t\t\t\t<\/a>\n\t\t<\/div>\n\t\t\t\t\t\t\t\n\t\t\t\t\t\t\t\t\t<\/div>\n\n\t\t\t<\/div>\n\t\t\t  \t\t\t\n\t  \t\t\t\n\t\t\t\t\t\t<div class=\"bdt-post-grid-item bdt-transition-toggle bdt-position-relative bdt-grid bdt-grid-collapse\" data-bdt-grid=\"\">\n\n\t\t\t\t<div class=\"bdt-position-relative bdt-width-auto@s bdt-pg-alter-image\">\n\t\t\t\t\t<div class=\"bdt-post-grid-img-wrap bdt-overflow-hidden\">\n\t\t\t\t<a href=\"https:\/\/villamyserenity.com\/tr\/kaunos\/\" class=\"bdt-transition-scale-up bdt-background-cover bdt-transition-opaque bdt-flex\" title=\"Kaunos\" style=\"background-image: url(https:\/\/villamyserenity.com\/wp-content\/uploads\/2025\/08\/Kaunos-Dalyan.jpg)\">\n  \t\t\t\t<\/a>\n\t\t\t<\/div>\t\t\t\t\t\t\t\t\t<\/div>\n\n\t\t  \t\t<div class=\"bdt-post-grid-desc bdt-width-expand@s bdt-padding bdt-flex-first@s bdt-alter\">\n\t\t\t\t\t<h2 class=\"bdt-post-grid-title\">\n\t\t\t\t<a href=\"https:\/\/villamyserenity.com\/tr\/kaunos\/\" class=\"bdt-post-grid-link\" title=\"Kaunos\">\n\t\t\t\t\tKaunos\n\t\t\t\t<\/a>\n\t\t\t<\/h2>\n\t\t\t\t\t\t\t<div class=\"bdt-post-grid-excerpt\">\n\t\t\t<p>Antik Kent Kaunos:\n\nKaunos, T\u00fcrkiye'nin Mu\u011fla ilindeki modern Dalyan kasabas\u0131 yak\u0131nlar\u0131nda bulunan \u00f6nemli bir antik kenttir. Bir zamanlar geli\u015fen bir liman kenti olan Kaunos'un tarihi, M\u00d6 10. y\u00fczy\u0131la kadar uzanmaktad\u0131r.<\/p>\n\t\t<\/div>\n\n\t\t\t\t\t\t\t\t\t<div>\n\t\t\t<a href=\"https:\/\/villamyserenity.com\/tr\/kaunos\/\"\n\t\t\t\tclass=\"bdt-post-grid-readmore bdt-display-inline-block\">\n\t\t\t\tDevam\u0131n\u0131 oku\t\n\t\t\t\t\t\t\t<\/a>\n\t\t<\/div>\n\t\t\t\t\t\t\t\n\t\t\t\t\t\t\t\t\t<\/div>\n\n\t\t\t<\/div>\n\t\t\t  \t\t\t\n\t  \t\t\t\n\t\t\t\t\t\t<div class=\"bdt-post-grid-item bdt-transition-toggle bdt-position-relative bdt-grid bdt-grid-collapse\" data-bdt-grid=\"\">\n\n\t\t\t\t<div class=\"bdt-position-relative bdt-width-auto@s bdt-pg-alter-image\">\n\t\t\t\t\t<div class=\"bdt-post-grid-img-wrap bdt-overflow-hidden\">\n\t\t\t\t<a href=\"https:\/\/villamyserenity.com\/tr\/iztuzu-beach\/\" class=\"bdt-transition-scale-up bdt-background-cover bdt-transition-opaque bdt-flex\" title=\"\u0130ztuzu Plaj\u0131\" style=\"background-image: url(https:\/\/villamyserenity.com\/wp-content\/uploads\/2025\/08\/iztuzu-mugla.jpg)\">\n  \t\t\t\t<\/a>\n\t\t\t<\/div>\t\t\t\t\t\t\t\t\t<\/div>\n\n\t\t  \t\t<div class=\"bdt-post-grid-desc bdt-width-expand@s bdt-padding bdt-plane\">\n\t\t\t\t\t<h2 class=\"bdt-post-grid-title\">\n\t\t\t\t<a href=\"https:\/\/villamyserenity.com\/tr\/iztuzu-beach\/\" class=\"bdt-post-grid-link\" title=\"\u0130ztuzu Plaj\u0131\">\n\t\t\t\t\t\u0130ztuzu Plaj\u0131\n\t\t\t\t<\/a>\n\t\t\t<\/h2>\n\t\t\t\t\t\t\t<div class=\"bdt-post-grid-excerpt\">\n\t\t\t<p>\u0130ztuzu Plaj\u0131, T\u00fcrkiye'nin g\u00fcneybat\u0131s\u0131ndaki Mu\u011fla ilinin Ortaca il\u00e7esinde, Dalyan yak\u0131nlar\u0131nda bulunan 4.5 km uzunlu\u011funda bir plajd\u0131r. Plaj, Dalyan Nehri'nin tatl\u0131 su deltas\u0131 ile Akdeniz aras\u0131nda do\u011fal bir bariyer olu\u015fturan dar bir kara uzant\u0131s\u0131d\u0131r.<\/p>\n\t\t<\/div>\n\n\t\t\t\t\t\t\t\t\t<div>\n\t\t\t<a href=\"https:\/\/villamyserenity.com\/tr\/iztuzu-beach\/\"\n\t\t\t\tclass=\"bdt-post-grid-readmore bdt-display-inline-block\">\n\t\t\t\tDevam\u0131n\u0131 oku\t\n\t\t\t\t\t\t\t<\/a>\n\t\t<\/div>\n\t\t\t\t\t\t\t\n\t\t\t\t\t\t\t\t\t<\/div>\n\n\t\t\t<\/div>\n\t\t\t  \t\t\t\n\t  \t\t\t\n\t\t\t\t\t<\/div>\t\n \t\t\t\t\t\t<\/div>\n\t\t\t\t\t<\/div>\n\t\t\t\t<\/div>\n\t\t\t\t<\/div>","protected":false},"excerpt":{"rendered":"<p>ABOUT DALYAN Turtle Rescue Center Situated at the southern end of Iztuzu Beach, the Sea Turtle Research, Rescue, and Rehabilitation Center is one of the most interesting things to do in Dalyan. It\u2019s run by DEKAMER, an organization carrying out &hellip; <a href=\"https:\/\/villamyserenity.com\/tr\/iztuzu-beach\/\">Devam\u0131n\u0131 oku<\/a><\/p>","protected":false},"author":1,"featured_media":0,"parent":0,"menu_order":0,"comment_status":"closed","ping_status":"closed","template":"elementor_header_footer","meta":{"footnotes":""},"class_list":["post-893","page","type-page","status-publish","hentry"],"aioseo_notices":[],"_links":{"self":[{"href":"https:\/\/villamyserenity.com\/tr\/wp-json\/wp\/v2\/pages\/893","targetHints":{"allow":["GET"]}}],"collection":[{"href":"https:\/\/villamyserenity.com\/tr\/wp-json\/wp\/v2\/pages"}],"about":[{"href":"https:\/\/villamyserenity.com\/tr\/wp-json\/wp\/v2\/types\/page"}],"author":[{"embeddable":true,"href":"https:\/\/villamyserenity.com\/tr\/wp-json\/wp\/v2\/users\/1"}],"replies":[{"embeddable":true,"href":"https:\/\/villamyserenity.com\/tr\/wp-json\/wp\/v2\/comments?post=893"}],"version-history":[{"count":56,"href":"https:\/\/villamyserenity.com\/tr\/wp-json\/wp\/v2\/pages\/893\/revisions"}],"predecessor-version":[{"id":1513,"href":"https:\/\/villamyserenity.com\/tr\/wp-json\/wp\/v2\/pages\/893\/revisions\/1513"}],"wp:attachment":[{"href":"https:\/\/villamyserenity.com\/tr\/wp-json\/wp\/v2\/media?parent=893"}],"curies":[{"name":"wp","href":"https:\/\/api.w.org\/{rel}","templated":true}]}}